{"id":193,"date":"2024-02-17T16:36:31","date_gmt":"2024-02-17T15:36:31","guid":{"rendered":"https:\/\/spurus.ch\/?page_id=193"},"modified":"2024-02-17T16:36:31","modified_gmt":"2024-02-17T15:36:31","slug":"impressum","status":"publish","type":"page","link":"https:\/\/spurus.ch\/?page_id=193","title":{"rendered":"Impressum"},"content":{"rendered":"\n<div class=\"wp-block-group alignfull has-global-padding is-layout-constrained wp-container-core-group-is-layout-6 wp-block-group-is-layout-constrained\" style=\"margin-top:0;margin-bottom:0;padding-top:var(--wp--preset--spacing--50);padding-right:var(--wp--preset--spacing--50);padding-bottom:var(--wp--preset--spacing--50);padding-left:var(--wp--preset--spacing--50)\">\n<div class=\"wp-block-group alignwide is-layout-flow wp-container-core-group-is-layout-5 wp-block-group-is-layout-flow\">\n<h2 class=\"wp-block-heading has-text-align-center is-style-default\">Impressum<\/h2>\n\n\n\n<div style=\"height:var(--wp--preset--spacing--40)\" aria-hidden=\"true\" class=\"wp-block-spacer\"><\/div>\n\n\n\n<div class=\"wp-block-group is-vertical is-content-justification-left is-layout-flex wp-container-core-group-is-layout-4 wp-block-group-is-layout-flex\" style=\"margin-top:0;margin-bottom:0\">\n<div class=\"wp-block-group is-vertical is-content-justification-left is-layout-flex wp-container-core-group-is-layout-1 wp-block-group-is-layout-flex\" style=\"margin-top:0;margin-bottom:0\">\n<h3 class=\"wp-block-heading\">Unternehmen<\/h3>\n\n\n\n<p class=\"has-text-align-left\">spurus Gmbh<br>B\u00fcelhofstrasse 1<br>9244 Niederuzwil<\/p>\n\n\n\n<ul class=\"wp-block-social-links has-visible-labels is-style-default is-layout-flex wp-block-social-links-is-layout-flex\"><li class=\"wp-social-link wp-social-link-mail  wp-block-social-link\"><a href=\"mailto:roland.spycher@spurus.ch\" class=\"wp-block-social-link-anchor\"><svg width=\"24\" height=\"24\" viewBox=\"0 0 24 24\" version=\"1.1\" xmlns=\"http:\/\/www.w3.org\/2000\/svg\" aria-hidden=\"true\" focusable=\"false\"><path d=\"M19,5H5c-1.1,0-2,.9-2,2v10c0,1.1.9,2,2,2h14c1.1,0,2-.9,2-2V7c0-1.1-.9-2-2-2zm.5,12c0,.3-.2.5-.5.5H5c-.3,0-.5-.2-.5-.5V9.8l7.5,5.6,7.5-5.6V17zm0-9.1L12,13.6,4.5,7.9V7c0-.3.2-.5.5-.5h14c.3,0,.5.2.5.5v.9z\"><\/path><\/svg><span class=\"wp-block-social-link-label\">E-Mail<\/span><\/a><\/li><\/ul>\n\n\n\n<p>Handelsregister: CHE-202.504.979<\/p>\n<\/div>\n\n\n\n<div class=\"wp-block-group is-vertical is-content-justification-left is-layout-flex wp-container-core-group-is-layout-2 wp-block-group-is-layout-flex\">\n<h3 class=\"wp-block-heading\">Umsetzung der Webseite<\/h3>\n\n\n\n<p>Konzept, Gestaltung, Inhalt und Text durch die spurus GmbH (siehe oben).<\/p>\n<\/div>\n\n\n\n<div class=\"wp-block-group is-vertical is-content-justification-left is-layout-flex wp-container-core-group-is-layout-3 wp-block-group-is-layout-flex\">\n<h3 class=\"wp-block-heading\">Haftungsausschluss<\/h3>\n\n\n\n<p>S\u00e4mtliche Inhalte der Website werden stets sorgf\u00e4ltig gepr\u00fcft. Ungeachtet dessen kann keine Garantie f\u00fcr Richtigkeit, Vollst\u00e4ndigkeit und Aktualit\u00e4t der Angaben \u00fcbernommen werden. F\u00fcr die Inhalte externer Links wird keine Haftung \u00fcbernommen. F\u00fcr den Inhalt verlinkter Seiten ist ausschliesslich deren Betreiber verantwortlich.<\/p>\n\n\n\n<p>Haftungsanspr\u00fcche gegen den Autor wegen Sch\u00e4den materieller oder immaterieller Art, welche aus dem Zugriff oder der Nutzung bzw. Nichtnutzung der ver\u00f6ffentlichten Informationen, durch Missbrauch der Verbindung oder durch technische St\u00f6rungen entstanden sind, werden ausgeschlossen.<\/p>\n\n\n\n<p>Alle Rechte vorbehalten.<\/p>\n<\/div>\n<\/div>\n<\/div>\n<\/div>\n","protected":false},"excerpt":{"rendered":"<p>Impressum Unternehmen spurus GmbhB\u00fcelhofstrasse 19244 Niederuzwil Handelsregister: CHE-202.504.979 Umsetzung der Webseite Konzept, Gestaltung, Inhalt und Text durch die spurus GmbH (siehe oben). Haftungsausschluss S\u00e4mtliche Inhalte der Website werden stets sorgf\u00e4ltig gepr\u00fcft. Ungeachtet dessen kann keine Garantie f\u00fcr Richtigkeit, Vollst\u00e4ndigkeit und Aktualit\u00e4t der Angaben \u00fcbernommen werden. F\u00fcr die Inhalte externer Links wird keine Haftung \u00fcbernommen. F\u00fcr [&hellip;]<\/p>\n","protected":false},"author":1,"featured_media":0,"parent":0,"menu_order":0,"comment_status":"closed","ping_status":"closed","template":"wp-custom-template-seite-spurus","meta":{"footnotes":""},"class_list":["post-193","page","type-page","status-publish","hentry"],"_links":{"self":[{"href":"https:\/\/spurus.ch\/index.php?rest_route=\/wp\/v2\/pages\/193","targetHints":{"allow":["GET"]}}],"collection":[{"href":"https:\/\/spurus.ch\/index.php?rest_route=\/wp\/v2\/pages"}],"about":[{"href":"https:\/\/spurus.ch\/index.php?rest_route=\/wp\/v2\/types\/page"}],"author":[{"embeddable":true,"href":"https:\/\/spurus.ch\/index.php?rest_route=\/wp\/v2\/users\/1"}],"replies":[{"embeddable":true,"href":"https:\/\/spurus.ch\/index.php?rest_route=%2Fwp%2Fv2%2Fcomments&post=193"}],"version-history":[{"count":6,"href":"https:\/\/spurus.ch\/index.php?rest_route=\/wp\/v2\/pages\/193\/revisions"}],"predecessor-version":[{"id":200,"href":"https:\/\/spurus.ch\/index.php?rest_route=\/wp\/v2\/pages\/193\/revisions\/200"}],"wp:attachment":[{"href":"https:\/\/spurus.ch\/index.php?rest_route=%2Fwp%2Fv2%2Fmedia&parent=193"}],"curies":[{"name":"wp","href":"https:\/\/api.w.org\/{rel}","templated":true}]}}